{"id":360,"date":"2021-04-24T03:13:57","date_gmt":"2021-04-24T03:13:57","guid":{"rendered":"http:\/\/www.samil.cz\/?page_id=360"},"modified":"2026-01-28T14:46:13","modified_gmt":"2026-01-28T14:46:13","slug":"vsechny-akce","status":"publish","type":"page","link":"https:\/\/www.samil.cz\/","title":{"rendered":"Akce p\u0159ipravovan\u00e9"},"content":{"rendered":"<p>&nbsp;<\/p>\n<p><a href=\"\"><\/a><\/p><div class=\"qem akce_tkd_samil\"><h2 class=\"qem_title\"><a href=\"https:\/\/www.samil.cz\/?event=soustredeni-prudka-cerven-2026\">Soust\u0159ed\u011bn\u00ed Prudk\u00e1 \u010derven 2026<\/a><\/h2><h3 class=\"qem_date\">P\u00e1tek&nbsp;19&nbsp;\u010cerven&nbsp;2026<\/h3><p class=\"readmore\"><a href=\"https:\/\/www.samil.cz\/?event=soustredeni-prudka-cerven-2026\">...<\/a><\/p><\/div>\r\n<div class=\"qem akce_tkd_samil\"><h2 class=\"qem_title\"><a href=\"https:\/\/www.samil.cz\/?event=soustredeni-prudka-cerven-2026-2\">Soust\u0159ed\u011bn\u00ed Prudk\u00e1 z\u00e1\u0159\u00ed 2026<\/a><\/h2><h3 class=\"qem_date\">P\u00e1tek&nbsp;18&nbsp;Z\u00e1\u0159\u00ed&nbsp;2026<\/h3><p class=\"readmore\"><a href=\"https:\/\/www.samil.cz\/?event=soustredeni-prudka-cerven-2026-2\">...<\/a><\/p><\/div>\r\n\n<hr>\n<p>&nbsp;<\/p>\n<p>&nbsp;<\/p>\n<p><em><a href=\"https:\/\/www.samil.cz\/?page_id=421\">Akce uplynul\u00e9 &#8230;<\/a><\/em><\/p>\n<p>&nbsp;<\/p>\n","protected":false},"excerpt":{"rendered":"<p>&nbsp; &nbsp; &nbsp; Akce uplynul\u00e9 &#8230; &nbsp;<\/p>\n","protected":false},"author":1,"featured_media":0,"parent":0,"menu_order":0,"comment_status":"closed","ping_status":"closed","template":"","meta":{"ngg_post_thumbnail":0,"footnotes":""},"class_list":["post-360","page","type-page","status-publish","hentry"],"_links":{"self":[{"href":"https:\/\/www.samil.cz\/index.php?rest_route=\/wp\/v2\/pages\/360","targetHints":{"allow":["GET"]}}],"collection":[{"href":"https:\/\/www.samil.cz\/index.php?rest_route=\/wp\/v2\/pages"}],"about":[{"href":"https:\/\/www.samil.cz\/index.php?rest_route=\/wp\/v2\/types\/page"}],"author":[{"embeddable":true,"href":"https:\/\/www.samil.cz\/index.php?rest_route=\/wp\/v2\/users\/1"}],"replies":[{"embeddable":true,"href":"https:\/\/www.samil.cz\/index.php?rest_route=%2Fwp%2Fv2%2Fcomments&post=360"}],"version-history":[{"count":26,"href":"https:\/\/www.samil.cz\/index.php?rest_route=\/wp\/v2\/pages\/360\/revisions"}],"predecessor-version":[{"id":3213,"href":"https:\/\/www.samil.cz\/index.php?rest_route=\/wp\/v2\/pages\/360\/revisions\/3213"}],"wp:attachment":[{"href":"https:\/\/www.samil.cz\/index.php?rest_route=%2Fwp%2Fv2%2Fmedia&parent=360"}],"curies":[{"name":"wp","href":"https:\/\/api.w.org\/{rel}","templated":true}]}}