{"id":244,"date":"2021-04-22T18:50:36","date_gmt":"2021-04-22T18:50:36","guid":{"rendered":"http:\/\/www.samil.cz\/?page_id=244"},"modified":"2025-08-26T18:57:49","modified_gmt":"2025-08-26T18:57:49","slug":"nmnm","status":"publish","type":"page","link":"https:\/\/www.samil.cz\/?page_id=244","title":{"rendered":"Nov\u00e9 M\u011bsto na Morav\u011b"},"content":{"rendered":"<h5><strong>B\u011b\u017en\u00e9 tr\u00e9ninky od 3.9.2025 do 24.6.2025<\/strong><\/h5>\n<p>&nbsp;<\/p>\n<p>M\u00edsto: NMnM, <strong>mal\u00e1 t\u011blocvi\u010dna gymn\u00e1zia V. Makovsk\u00e9ho<\/strong><\/p>\n<p><strong>Pond\u011bl\u00ed a st\u0159eda: 18:30 &#8211; 19:30 hod.<\/strong><\/p>\n<p>&nbsp;<\/p>\n<hr>\n<p>Odd\u00edlov\u00fd vedouc\u00ed:<\/p>\n<p style=\"padding-left: 40px;\"><strong>Dan Kadlec<\/strong><\/p>\n<p style=\"padding-left: 80px;\">I. Dan<\/p>\n<p style=\"padding-left: 80px;\">tel. +420 604 201 956<\/p>\n<p>&nbsp;<\/p>\n<hr>\n<p>&nbsp;<\/p>\n<h5><del><strong>Letn\u00ed tr\u00e9ninky od 1.7.2024 <a href=\"https:\/\/mapy.cz\/s\/duhelasugu\" target=\"_blank\" rel=\"noopener\"><img loading=\"lazy\" decoding=\"async\" class=\"size-medium wp-image-2885 alignright\" src=\"https:\/\/www.samil.cz\/wp-content\/uploads\/2024\/06\/Obrazek-WhatsApp-2024-06-25-v-13.00.35_faa7cf73-169x300.jpg\" alt=\"\" width=\"169\" height=\"300\" srcset=\"https:\/\/www.samil.cz\/wp-content\/uploads\/2024\/06\/Obrazek-WhatsApp-2024-06-25-v-13.00.35_faa7cf73-169x300.jpg 169w, https:\/\/www.samil.cz\/wp-content\/uploads\/2024\/06\/Obrazek-WhatsApp-2024-06-25-v-13.00.35_faa7cf73.jpg 750w\" sizes=\"auto, (max-width: 169px) 100vw, 169px\" \/><\/a><\/strong><\/del><\/h5>\n<p>&nbsp;<\/p>\n<p><del>M\u00edsto: NMnM, dopravn\u00ed h\u0159i\u0161t\u011b pod \u0161kolou pod rybn\u00edkem (jako loni)<\/del><\/p>\n<p>&nbsp;<\/p>\n<p><del><strong>St\u0159eda: 18:30 &#8211; 19:30 hod.<\/strong><\/del><\/p>\n<p>&nbsp;<\/p>\n<hr>\n<p>&nbsp;<\/p>\n<h5>&nbsp;<\/h5>\n","protected":false},"excerpt":{"rendered":"<p>B\u011b\u017en\u00e9 tr\u00e9ninky od 3.9.2025 do 24.6.2025 &nbsp; M\u00edsto: NMnM, mal\u00e1 t\u011blocvi\u010dna gymn\u00e1zia V. Makovsk\u00e9ho Pond\u011bl\u00ed a st\u0159eda: 18:30 &#8211; 19:30 hod. &nbsp; Odd\u00edlov\u00fd vedouc\u00ed: Dan Kadlec I. Dan tel. +420 604 201 956 &nbsp; &nbsp; Letn\u00ed tr\u00e9ninky od 1.7.2024 &nbsp; <a class=\"more-link\" href=\"https:\/\/www.samil.cz\/?page_id=244\">Cel\u00fd \u010dl\u00e1nek  <span class=\"screen-reader-text\">  Nov\u00e9 M\u011bsto na Morav\u011b<\/span><span class=\"meta-nav\">&rarr;<\/span><\/a><\/p>\n","protected":false},"author":1,"featured_media":0,"parent":164,"menu_order":0,"comment_status":"closed","ping_status":"closed","template":"","meta":{"ngg_post_thumbnail":0,"footnotes":""},"class_list":["post-244","page","type-page","status-publish","hentry"],"_links":{"self":[{"href":"https:\/\/www.samil.cz\/index.php?rest_route=\/wp\/v2\/pages\/244","targetHints":{"allow":["GET"]}}],"collection":[{"href":"https:\/\/www.samil.cz\/index.php?rest_route=\/wp\/v2\/pages"}],"about":[{"href":"https:\/\/www.samil.cz\/index.php?rest_route=\/wp\/v2\/types\/page"}],"author":[{"embeddable":true,"href":"https:\/\/www.samil.cz\/index.php?rest_route=\/wp\/v2\/users\/1"}],"replies":[{"embeddable":true,"href":"https:\/\/www.samil.cz\/index.php?rest_route=%2Fwp%2Fv2%2Fcomments&post=244"}],"version-history":[{"count":22,"href":"https:\/\/www.samil.cz\/index.php?rest_route=\/wp\/v2\/pages\/244\/revisions"}],"predecessor-version":[{"id":3109,"href":"https:\/\/www.samil.cz\/index.php?rest_route=\/wp\/v2\/pages\/244\/revisions\/3109"}],"up":[{"embeddable":true,"href":"https:\/\/www.samil.cz\/index.php?rest_route=\/wp\/v2\/pages\/164"}],"wp:attachment":[{"href":"https:\/\/www.samil.cz\/index.php?rest_route=%2Fwp%2Fv2%2Fmedia&parent=244"}],"curies":[{"name":"wp","href":"https:\/\/api.w.org\/{rel}","templated":true}]}}