{"id":217,"date":"2021-04-22T18:36:26","date_gmt":"2021-04-22T18:36:26","guid":{"rendered":"http:\/\/www.samil.cz\/?page_id=217"},"modified":"2022-12-11T20:47:39","modified_gmt":"2022-12-11T20:47:39","slug":"kontakty-na-mezinarodniho-instruktora","status":"publish","type":"page","link":"https:\/\/www.samil.cz\/?page_id=217","title":{"rendered":"Mezin\u00e1rodn\u00ed instruktor"},"content":{"rendered":"<p><img loading=\"lazy\" decoding=\"async\" class=\"alignnone size-medium wp-image-504\" src=\"https:\/\/www.samil.cz\/wp-content\/uploads\/2021\/06\/cigan_pavel-233x300.jpg\" alt=\"\" width=\"233\" height=\"300\" srcset=\"https:\/\/www.samil.cz\/wp-content\/uploads\/2021\/06\/cigan_pavel-233x300.jpg 233w, https:\/\/www.samil.cz\/wp-content\/uploads\/2021\/06\/cigan_pavel.jpg 388w\" sizes=\"auto, (max-width: 233px) 100vw, 233px\" \/><\/p>\n<p>Pavel Cig\u00e1\u0148<\/p>\n<p>Mezin\u00e1rodn\u00ed instruktor TAEKWON-DO ITF\u00a0 6. DAN<\/p>\n<p>vedouc\u00ed \u0160koly TAEKWON-DO SAM-IL<\/p>\n","protected":false},"excerpt":{"rendered":"<p>Pavel Cig\u00e1\u0148 Mezin\u00e1rodn\u00ed instruktor TAEKWON-DO ITF\u00a0 6. DAN vedouc\u00ed \u0160koly TAEKWON-DO SAM-IL<\/p>\n","protected":false},"author":1,"featured_media":0,"parent":1793,"menu_order":900,"comment_status":"closed","ping_status":"closed","template":"","meta":{"ngg_post_thumbnail":0,"footnotes":""},"class_list":["post-217","page","type-page","status-publish","hentry"],"_links":{"self":[{"href":"https:\/\/www.samil.cz\/index.php?rest_route=\/wp\/v2\/pages\/217","targetHints":{"allow":["GET"]}}],"collection":[{"href":"https:\/\/www.samil.cz\/index.php?rest_route=\/wp\/v2\/pages"}],"about":[{"href":"https:\/\/www.samil.cz\/index.php?rest_route=\/wp\/v2\/types\/page"}],"author":[{"embeddable":true,"href":"https:\/\/www.samil.cz\/index.php?rest_route=\/wp\/v2\/users\/1"}],"replies":[{"embeddable":true,"href":"https:\/\/www.samil.cz\/index.php?rest_route=%2Fwp%2Fv2%2Fcomments&post=217"}],"version-history":[{"count":7,"href":"https:\/\/www.samil.cz\/index.php?rest_route=\/wp\/v2\/pages\/217\/revisions"}],"predecessor-version":[{"id":1318,"href":"https:\/\/www.samil.cz\/index.php?rest_route=\/wp\/v2\/pages\/217\/revisions\/1318"}],"up":[{"embeddable":true,"href":"https:\/\/www.samil.cz\/index.php?rest_route=\/wp\/v2\/pages\/1793"}],"wp:attachment":[{"href":"https:\/\/www.samil.cz\/index.php?rest_route=%2Fwp%2Fv2%2Fmedia&parent=217"}],"curies":[{"name":"wp","href":"https:\/\/api.w.org\/{rel}","templated":true}]}}