{"id":1978,"date":"2023-02-19T21:19:09","date_gmt":"2023-02-19T21:19:09","guid":{"rendered":"http:\/\/www.samil.cz\/?page_id=1978"},"modified":"2024-03-29T07:36:18","modified_gmt":"2024-03-29T07:36:18","slug":"kontakty","status":"publish","type":"page","link":"https:\/\/www.samil.cz\/?page_id=1978","title":{"rendered":"Kontakty"},"content":{"rendered":"<blockquote><p><strong class=\"left\">\u0160KOLA TAEKWON-DO SAM-IL, z.s.<\/strong><\/p><\/blockquote>\n<p>B\u011ble\u010d 17<\/p>\n<p>679 23<\/p>\n<p>\u010cesk\u00e1 republika<\/p>\n<p>e-mail: <a href=\"mailto:tkd@samil.cz\">tkd@samil.cz<\/a><\/p>\n<p>I\u010cO: 228 37 418<\/p>\n<p>Zaps.: Sp.zn.: L 14168 veden\u00e1 u Krajsk\u00e9ho soudu v Brn\u011b<\/p>\n<p>\u010d.\u00fa.: 6476718349\/0800<\/p>\n<p>IBAN: CZ65 0800 0000 0064 7671 8349<\/p>\n<p>&nbsp;<\/p>\n<p>Statut\u00e1rn\u00ed org\u00e1n: P\u0159edseda &#8211; Pavel Cig\u00e1\u0148<\/p>\n<p>e-mail: <a href=\"mailto:pavel.cigan@samil.cz\">pavel.cigan@samil.cz<\/a><\/p>\n<p>mobil: +420 602 283 319<\/p>\n<p>&nbsp;<\/p>\n<p>Odd\u00edl Nov\u00e9 M\u011bsto na Morav\u011b: Odd\u00edlov\u00fd vedouc\u00ed &#8211; Dan Kadlec<\/p>\n<p>mobil: +420 604 201 956<\/p>\n<p>&nbsp;<\/p>\n<p>Odd\u00edl Ti\u0161nov: Asistent instruktora &#8211; Pavla Vorl\u00ed\u010dkov\u00e1<\/p>\n<p>mobil: +420 725 192 334<\/p>\n<p>&nbsp;<\/p>\n<p>&nbsp;<\/p>\n<p>&nbsp;<\/p>\n<p>&nbsp;<\/p>\n","protected":false},"excerpt":{"rendered":"<p>\u0160KOLA TAEKWON-DO SAM-IL, z.s. B\u011ble\u010d 17 679 23 \u010cesk\u00e1 republika e-mail: tkd@samil.cz I\u010cO: 228 37 418 Zaps.: Sp.zn.: L 14168 veden\u00e1 u Krajsk\u00e9ho soudu v Brn\u011b \u010d.\u00fa.: 6476718349\/0800 IBAN: CZ65 0800 0000 0064 7671 8349 &nbsp; Statut\u00e1rn\u00ed org\u00e1n: P\u0159edseda &#8211; <a class=\"more-link\" href=\"https:\/\/www.samil.cz\/?page_id=1978\">Cel\u00fd \u010dl\u00e1nek  <span class=\"screen-reader-text\">  Kontakty<\/span><span class=\"meta-nav\">&rarr;<\/span><\/a><\/p>\n","protected":false},"author":1,"featured_media":0,"parent":0,"menu_order":0,"comment_status":"closed","ping_status":"closed","template":"","meta":{"ngg_post_thumbnail":0,"footnotes":""},"class_list":["post-1978","page","type-page","status-publish","hentry"],"_links":{"self":[{"href":"https:\/\/www.samil.cz\/index.php?rest_route=\/wp\/v2\/pages\/1978","targetHints":{"allow":["GET"]}}],"collection":[{"href":"https:\/\/www.samil.cz\/index.php?rest_route=\/wp\/v2\/pages"}],"about":[{"href":"https:\/\/www.samil.cz\/index.php?rest_route=\/wp\/v2\/types\/page"}],"author":[{"embeddable":true,"href":"https:\/\/www.samil.cz\/index.php?rest_route=\/wp\/v2\/users\/1"}],"replies":[{"embeddable":true,"href":"https:\/\/www.samil.cz\/index.php?rest_route=%2Fwp%2Fv2%2Fcomments&post=1978"}],"version-history":[{"count":11,"href":"https:\/\/www.samil.cz\/index.php?rest_route=\/wp\/v2\/pages\/1978\/revisions"}],"predecessor-version":[{"id":2830,"href":"https:\/\/www.samil.cz\/index.php?rest_route=\/wp\/v2\/pages\/1978\/revisions\/2830"}],"wp:attachment":[{"href":"https:\/\/www.samil.cz\/index.php?rest_route=%2Fwp%2Fv2%2Fmedia&parent=1978"}],"curies":[{"name":"wp","href":"https:\/\/api.w.org\/{rel}","templated":true}]}}